{"id":75,"date":"2026-04-05T06:58:15","date_gmt":"2026-04-05T06:58:15","guid":{"rendered":"https:\/\/hotel-sautter-stuttgart.de\/?page_id=75"},"modified":"2026-04-05T06:59:31","modified_gmt":"2026-04-05T06:59:31","slug":"datenschutz","status":"publish","type":"page","link":"https:\/\/hotel-sautter-stuttgart.de\/de_de\/datenschutz\/","title":{"rendered":"Datenschutz"},"content":{"rendered":"\n<p>Wir setzen die Datenschutzgrundverordnung (DSGVO) vom 25.5.2018 um. Ihre Daten werden verschl\u00fcsselt \u00fcbertragen und von uns f\u00fcr die Verarbeitung Ihrer Reservierung, f\u00fcr ordnungs- und finanzrechtliche Auflagen, wie dem Meldeschein und der Rechnung, gespeichert werden. Wir orientieren uns am hierf\u00fcr erforderlichen Minimum an Daten f\u00fcr den Gesch\u00e4ftsvorgang sowie den erforderlichen Speicherfristen. Wir verwenden diese Daten weder f\u00fcr andere Zwecke noch stellen wir diese Dritten zur Verf\u00fcgung. Die Daten sind vor unbefugtem Zugriff gesch\u00fctzt. Sollten Sie hiermit nicht einverstanden sein, sehen wir uns wegen der ordnungs- und finanzrechtlichen Auflagen nicht in der Lage, Ihre Reservierung umzusetzen. Sie k\u00f6nnen uns Ihre Bedenken bitte per Mail an info@abalon.de zuleiten.<\/p>\n\n\n\n<p class=\"ext-animate--on\"><\/p>\n\n\n\n<p class=\"ext-animate--on\"><em>This privacy statement was last updated on Januar 16, 2024 and applies to citizens and legal permanent residents of the European Economic Area and Switzerland.<\/em><br><\/p>\n\n\n\n<p class=\"ext-animate--on\">In this privacy statement, we explain what we do with the data we obtain about you via <a href=\"https:\/\/abalon.de\">https:\/\/abalon.de<\/a>. We recommend you carefully read this statement. In our processing we comply with the requirements of privacy legislation. That means, among other things, that:<\/p>\n\n\n\n<ul class=\"wp-block-list ext-animate--on\">\n<li class=\"ext-animate--on\">we clearly state the purposes for which we process personal data. We do this by means of this privacy statement;<\/li>\n\n\n\n<li class=\"ext-animate--on\">we aim to limit our collection of personal data to only the personal data required for legitimate purposes;<\/li>\n\n\n\n<li class=\"ext-animate--on\">we first request your explicit consent to process your personal data in cases requiring your consent;<\/li>\n\n\n\n<li class=\"ext-animate--on\">we take appropriate security measures to protect your personal data and also require this from parties that process personal data on our behalf;<\/li>\n\n\n\n<li class=\"ext-animate--on\">we respect your right to access your personal data or have it corrected or deleted, at your request.<\/li>\n<\/ul>\n\n\n\n<p class=\"ext-animate--on\">If you have any questions, or want to know exactly what data we keep of you, please contact us.<\/p>\n\n\n\n<h2 class=\"wp-block-heading ext-animate--on\">1. Purpose, data and retention period<\/h2>\n\n\n\n<p class=\"ext-animate--on\">We may collect or receive personal information for a number of purposes connected with our business operations which may include the following: (click to expand)<\/p>\n\n\n\n<h3 class=\"wp-block-heading ext-animate--on\">1.1 Contact &#8211; Through phone, mail, email and\/or webforms<\/h3>\n\n\n\n<p class=\"ext-animate--on\"><a target=\"_blank\" rel=\"noreferrer noopener\" href=\"https:\/\/cookiedatabase.org\/legal-bases\/#agreement\"><\/a><\/p>\n\n\n\n<h3 class=\"wp-block-heading ext-animate--on\">1.2 To support services or products that a customer wants to buy or has purchased<\/h3>\n\n\n\n<p class=\"ext-animate--on\"><a target=\"_blank\" rel=\"noreferrer noopener\" href=\"https:\/\/cookiedatabase.org\/legal-bases\/#consent\"><\/a><\/p>\n\n\n\n<h2 class=\"wp-block-heading ext-animate--on\">2. Cookies<\/h2>\n\n\n\n<p class=\"ext-animate--on\">Our website uses cookies. For more information about cookies, please refer to our <a href=\"https:\/\/abalon.de\/cookie-richtlinie-eu\/\">Cookie Policy<\/a>.&nbsp;<\/p>\n\n\n\n<h2 class=\"wp-block-heading ext-animate--on\">3. Disclosure practices<\/h2>\n\n\n\n<p class=\"ext-animate--on\">We disclose personal information if we are required by law or by a court order, in response to a law enforcement agency, to the extent permitted under other provisions of law, to provide information, or for an investigation on a matter related to public safety.<\/p>\n\n\n\n<p class=\"ext-animate--on\">If our website or organisation is taken over, sold, or involved in a merger or acquisition, your details may be disclosed to our advisers and any prospective purchasers and will be passed on to the new owners.<\/p>\n\n\n\n<p class=\"ext-animate--on\">We have concluded a data Processing Agreement with Google.<\/p>\n\n\n\n<p class=\"ext-animate--on\">Google may not use the data for any other Google services.<\/p>\n\n\n\n<p class=\"ext-animate--on\">The inclusion of full IP addresses is blocked by us.<\/p>\n\n\n\n<h2 class=\"wp-block-heading ext-animate--on\">4. Security<\/h2>\n\n\n\n<p class=\"ext-animate--on\">We are committed to the security of personal data. We take appropriate security measures to limit abuse of and unauthorized access to personal data. This ensures that only the necessary persons have access to your data, that access to the data is protected, and that our security measures are regularly reviewed.<\/p>\n\n\n\n<h2 class=\"wp-block-heading ext-animate--on\">5. Third-party websites<\/h2>\n\n\n\n<p class=\"ext-animate--on\">This privacy statement does not apply to third-party websites connected by links on our website. We cannot guarantee that these third parties handle your personal data in a reliable or secure manner. We recommend you read the privacy statements of these websites prior to making use of these websites.<\/p>\n\n\n\n<h2 class=\"wp-block-heading ext-animate--on\">6. Amendments to this privacy statement<\/h2>\n\n\n\n<p class=\"ext-animate--on\">We reserve the right to make amendments to this privacy statement. It is recommended that you consult this privacy statement regularly in order to be aware of any changes. In addition, we will actively inform you wherever possible.<\/p>\n\n\n\n<h2 class=\"wp-block-heading ext-animate--on\">7. Accessing and modifying your data<\/h2>\n\n\n\n<p class=\"ext-animate--on\">If you have any questions or want to know which personal data we have about you, please contact us. You can contact us by using the information below. You have the following rights:<\/p>\n\n\n\n<ul class=\"wp-block-list ext-animate--on\">\n<li class=\"ext-animate--on\">You have the right to know why your personal data is needed, what will happen to it, and how long it will be retained for.<\/li>\n\n\n\n<li class=\"ext-animate--on\">Right of access: You have the right to access your personal data that is known to us.<\/li>\n\n\n\n<li class=\"ext-animate--on\">Right to rectification: you have the right to supplement, correct, have deleted or blocked your personal data whenever you wish.<\/li>\n\n\n\n<li class=\"ext-animate--on\">If you give us your consent to process your data, you have the right to revoke that consent and to have your personal data deleted.<\/li>\n\n\n\n<li class=\"ext-animate--on\">Right to transfer your data: you have the right to request all your personal data from the controller and transfer it in its entirety to another controller.<\/li>\n\n\n\n<li class=\"ext-animate--on\">Right to object: you may object to the processing of your data. We comply with this, unless there are justified grounds for processing.<\/li>\n<\/ul>\n\n\n\n<p class=\"ext-animate--on\">Please make sure to always clearly state who you are, so that we can be certain that we do not modify or delete any data of the wrong person.<\/p>\n\n\n\n<h2 class=\"wp-block-heading ext-animate--on\">8. Submitting a complaint<\/h2>\n\n\n\n<p class=\"ext-animate--on\">If you are not satisfied with the way in which we handle (a complaint about) the processing of your personal data, you have the right to submit a complaint to the Data Protection Authority.<\/p>\n\n\n\n<h2 class=\"wp-block-heading ext-animate--on\">9. Contact details<\/h2>\n\n\n\n<p class=\"ext-animate--on\">HOTEL Sautter Stuttgart<br>Johannesstra\u00dfe 28, 70176 Stuttgart<br>Verantwortlich: Saim-Sinan Erkurt<br>Germany<br>Website: <a href=\"https:\/\/abalon.de\">https:\/\/<\/a>hotel-stautter-stuttgart.de<br>Email: info at hotel-stautter-stuttgart.de<br>Phone number: 0711 \/ 61430 -0<\/p>\n","protected":false},"excerpt":{"rendered":"<p>Wir setzen die Datenschutzgrundverordnung (DSGVO) vom 25.5.2018 um. Ihre Daten werden verschl\u00fcsselt \u00fcbertragen und von uns f\u00fcr die Verarbeitung Ihrer Reservierung, f\u00fcr ordnungs- und finanzrechtliche Auflagen, wie dem Meldeschein und der Rechnung, gespeichert werden. Wir orientieren uns am hierf\u00fcr erforderlichen Minimum an Daten f\u00fcr den Gesch\u00e4ftsvorgang sowie den erforderlichen Speicherfristen. Wir verwenden diese Daten weder [&hellip;]<\/p>\n","protected":false},"author":1,"featured_media":0,"parent":0,"menu_order":0,"comment_status":"closed","ping_status":"closed","template":"page-with-title","meta":{"footnotes":""},"class_list":["post-75","page","type-page","status-publish","hentry"],"yoast_head":"<!-- This site is optimized with the Yoast SEO plugin v27.3 - https:\/\/yoast.com\/product\/yoast-seo-wordpress\/ -->\n<title>Datenschutz - Hotel Sautter Stuttgart<\/title>\n<meta name=\"robots\" content=\"index, follow, max-snippet:-1, max-image-preview:large, max-video-preview:-1\" \/>\n<link rel=\"canonical\" href=\"https:\/\/hotel-sautter-stuttgart.de\/de_de\/datenschutz\/\" \/>\n<meta property=\"og:locale\" content=\"de_DE\" \/>\n<meta property=\"og:type\" content=\"article\" \/>\n<meta property=\"og:title\" content=\"Datenschutz - Hotel Sautter Stuttgart\" \/>\n<meta property=\"og:description\" content=\"Wir setzen die Datenschutzgrundverordnung (DSGVO) vom 25.5.2018 um. Ihre Daten werden verschl\u00fcsselt \u00fcbertragen und von uns f\u00fcr die Verarbeitung Ihrer Reservierung, f\u00fcr ordnungs- und finanzrechtliche Auflagen, wie dem Meldeschein und der Rechnung, gespeichert werden. Wir orientieren uns am hierf\u00fcr erforderlichen Minimum an Daten f\u00fcr den Gesch\u00e4ftsvorgang sowie den erforderlichen Speicherfristen. Wir verwenden diese Daten weder [&hellip;]\" \/>\n<meta property=\"og:url\" content=\"https:\/\/hotel-sautter-stuttgart.de\/de_de\/datenschutz\/\" \/>\n<meta property=\"og:site_name\" content=\"Hotel Sautter Stuttgart\" \/>\n<meta property=\"article:modified_time\" content=\"2026-04-05T06:59:31+00:00\" \/>\n<meta name=\"twitter:card\" content=\"summary_large_image\" \/>\n<meta name=\"twitter:label1\" content=\"Gesch\u00e4tzte Lesezeit\" \/>\n\t<meta name=\"twitter:data1\" content=\"4\u00a0Minuten\" \/>\n<script type=\"application\/ld+json\" class=\"yoast-schema-graph\">{\"@context\":\"https:\\\/\\\/schema.org\",\"@graph\":[{\"@type\":\"WebPage\",\"@id\":\"https:\\\/\\\/hotel-sautter-stuttgart.de\\\/datenschutz\\\/\",\"url\":\"https:\\\/\\\/hotel-sautter-stuttgart.de\\\/datenschutz\\\/\",\"name\":\"Datenschutz - Hotel Sautter Stuttgart\",\"isPartOf\":{\"@id\":\"https:\\\/\\\/hotel-sautter-stuttgart.de\\\/de_de\\\/#website\"},\"datePublished\":\"2026-04-05T06:58:15+00:00\",\"dateModified\":\"2026-04-05T06:59:31+00:00\",\"breadcrumb\":{\"@id\":\"https:\\\/\\\/hotel-sautter-stuttgart.de\\\/datenschutz\\\/#breadcrumb\"},\"inLanguage\":\"de\",\"potentialAction\":[{\"@type\":\"ReadAction\",\"target\":[\"https:\\\/\\\/hotel-sautter-stuttgart.de\\\/datenschutz\\\/\"]}]},{\"@type\":\"BreadcrumbList\",\"@id\":\"https:\\\/\\\/hotel-sautter-stuttgart.de\\\/datenschutz\\\/#breadcrumb\",\"itemListElement\":[{\"@type\":\"ListItem\",\"position\":1,\"name\":\"Start\",\"item\":\"https:\\\/\\\/hotel-sautter-stuttgart.de\\\/\"},{\"@type\":\"ListItem\",\"position\":2,\"name\":\"Datenschutz\"}]},{\"@type\":\"WebSite\",\"@id\":\"https:\\\/\\\/hotel-sautter-stuttgart.de\\\/de_de\\\/#website\",\"url\":\"https:\\\/\\\/hotel-sautter-stuttgart.de\\\/de_de\\\/\",\"name\":\"Hotel Sautter Stuttgart\",\"description\":\"Just another WordPress site\",\"publisher\":{\"@id\":\"https:\\\/\\\/hotel-sautter-stuttgart.de\\\/de_de\\\/#organization\"},\"potentialAction\":[{\"@type\":\"SearchAction\",\"target\":{\"@type\":\"EntryPoint\",\"urlTemplate\":\"https:\\\/\\\/hotel-sautter-stuttgart.de\\\/de_de\\\/?s={search_term_string}\"},\"query-input\":{\"@type\":\"PropertyValueSpecification\",\"valueRequired\":true,\"valueName\":\"search_term_string\"}}],\"inLanguage\":\"de\"},{\"@type\":\"Organization\",\"@id\":\"https:\\\/\\\/hotel-sautter-stuttgart.de\\\/de_de\\\/#organization\",\"name\":\"Hotel Sautter Stuttgart\",\"url\":\"https:\\\/\\\/hotel-sautter-stuttgart.de\\\/de_de\\\/\",\"logo\":{\"@type\":\"ImageObject\",\"inLanguage\":\"de\",\"@id\":\"https:\\\/\\\/hotel-sautter-stuttgart.de\\\/de_de\\\/#\\\/schema\\\/logo\\\/image\\\/\",\"url\":\"https:\\\/\\\/hotel-sautter-stuttgart.de\\\/wp-content\\\/uploads\\\/2026\\\/04\\\/2026-SAUTTER-LOGO.jpeg\",\"contentUrl\":\"https:\\\/\\\/hotel-sautter-stuttgart.de\\\/wp-content\\\/uploads\\\/2026\\\/04\\\/2026-SAUTTER-LOGO.jpeg\",\"width\":1059,\"height\":1160,\"caption\":\"Hotel Sautter Stuttgart\"},\"image\":{\"@id\":\"https:\\\/\\\/hotel-sautter-stuttgart.de\\\/de_de\\\/#\\\/schema\\\/logo\\\/image\\\/\"}}]}<\/script>\n<!-- \/ Yoast SEO plugin. -->","yoast_head_json":{"title":"Datenschutz - Hotel Sautter Stuttgart","robots":{"index":"index","follow":"follow","max-snippet":"max-snippet:-1","max-image-preview":"max-image-preview:large","max-video-preview":"max-video-preview:-1"},"canonical":"https:\/\/hotel-sautter-stuttgart.de\/de_de\/datenschutz\/","og_locale":"de_DE","og_type":"article","og_title":"Datenschutz - Hotel Sautter Stuttgart","og_description":"Wir setzen die Datenschutzgrundverordnung (DSGVO) vom 25.5.2018 um. Ihre Daten werden verschl\u00fcsselt \u00fcbertragen und von uns f\u00fcr die Verarbeitung Ihrer Reservierung, f\u00fcr ordnungs- und finanzrechtliche Auflagen, wie dem Meldeschein und der Rechnung, gespeichert werden. Wir orientieren uns am hierf\u00fcr erforderlichen Minimum an Daten f\u00fcr den Gesch\u00e4ftsvorgang sowie den erforderlichen Speicherfristen. Wir verwenden diese Daten weder [&hellip;]","og_url":"https:\/\/hotel-sautter-stuttgart.de\/de_de\/datenschutz\/","og_site_name":"Hotel Sautter Stuttgart","article_modified_time":"2026-04-05T06:59:31+00:00","twitter_card":"summary_large_image","twitter_misc":{"Gesch\u00e4tzte Lesezeit":"4\u00a0Minuten"},"schema":{"@context":"https:\/\/schema.org","@graph":[{"@type":"WebPage","@id":"https:\/\/hotel-sautter-stuttgart.de\/datenschutz\/","url":"https:\/\/hotel-sautter-stuttgart.de\/datenschutz\/","name":"Datenschutz - Hotel Sautter Stuttgart","isPartOf":{"@id":"https:\/\/hotel-sautter-stuttgart.de\/de_de\/#website"},"datePublished":"2026-04-05T06:58:15+00:00","dateModified":"2026-04-05T06:59:31+00:00","breadcrumb":{"@id":"https:\/\/hotel-sautter-stuttgart.de\/datenschutz\/#breadcrumb"},"inLanguage":"de","potentialAction":[{"@type":"ReadAction","target":["https:\/\/hotel-sautter-stuttgart.de\/datenschutz\/"]}]},{"@type":"BreadcrumbList","@id":"https:\/\/hotel-sautter-stuttgart.de\/datenschutz\/#breadcrumb","itemListElement":[{"@type":"ListItem","position":1,"name":"Start","item":"https:\/\/hotel-sautter-stuttgart.de\/"},{"@type":"ListItem","position":2,"name":"Datenschutz"}]},{"@type":"WebSite","@id":"https:\/\/hotel-sautter-stuttgart.de\/de_de\/#website","url":"https:\/\/hotel-sautter-stuttgart.de\/de_de\/","name":"Hotel Sautter Stuttgart","description":"Just another WordPress site","publisher":{"@id":"https:\/\/hotel-sautter-stuttgart.de\/de_de\/#organization"},"potentialAction":[{"@type":"SearchAction","target":{"@type":"EntryPoint","urlTemplate":"https:\/\/hotel-sautter-stuttgart.de\/de_de\/?s={search_term_string}"},"query-input":{"@type":"PropertyValueSpecification","valueRequired":true,"valueName":"search_term_string"}}],"inLanguage":"de"},{"@type":"Organization","@id":"https:\/\/hotel-sautter-stuttgart.de\/de_de\/#organization","name":"Hotel Sautter Stuttgart","url":"https:\/\/hotel-sautter-stuttgart.de\/de_de\/","logo":{"@type":"ImageObject","inLanguage":"de","@id":"https:\/\/hotel-sautter-stuttgart.de\/de_de\/#\/schema\/logo\/image\/","url":"https:\/\/hotel-sautter-stuttgart.de\/wp-content\/uploads\/2026\/04\/2026-SAUTTER-LOGO.jpeg","contentUrl":"https:\/\/hotel-sautter-stuttgart.de\/wp-content\/uploads\/2026\/04\/2026-SAUTTER-LOGO.jpeg","width":1059,"height":1160,"caption":"Hotel Sautter Stuttgart"},"image":{"@id":"https:\/\/hotel-sautter-stuttgart.de\/de_de\/#\/schema\/logo\/image\/"}}]}},"_links":{"self":[{"href":"https:\/\/hotel-sautter-stuttgart.de\/de_de\/wp-json\/wp\/v2\/pages\/75","targetHints":{"allow":["GET"]}}],"collection":[{"href":"https:\/\/hotel-sautter-stuttgart.de\/de_de\/wp-json\/wp\/v2\/pages"}],"about":[{"href":"https:\/\/hotel-sautter-stuttgart.de\/de_de\/wp-json\/wp\/v2\/types\/page"}],"author":[{"embeddable":true,"href":"https:\/\/hotel-sautter-stuttgart.de\/de_de\/wp-json\/wp\/v2\/users\/1"}],"replies":[{"embeddable":true,"href":"https:\/\/hotel-sautter-stuttgart.de\/de_de\/wp-json\/wp\/v2\/comments?post=75"}],"version-history":[{"count":3,"href":"https:\/\/hotel-sautter-stuttgart.de\/de_de\/wp-json\/wp\/v2\/pages\/75\/revisions"}],"predecessor-version":[{"id":78,"href":"https:\/\/hotel-sautter-stuttgart.de\/de_de\/wp-json\/wp\/v2\/pages\/75\/revisions\/78"}],"wp:attachment":[{"href":"https:\/\/hotel-sautter-stuttgart.de\/de_de\/wp-json\/wp\/v2\/media?parent=75"}],"curies":[{"name":"wp","href":"https:\/\/api.w.org\/{rel}","templated":true}]}}